{"id":112,"date":"2025-05-29T17:24:00","date_gmt":"2025-05-29T15:24:00","guid":{"rendered":"http:\/\/lhcqkfc.cluster021.hosting.ovh.net\/?page_id=112"},"modified":"2026-03-14T13:14:46","modified_gmt":"2026-03-14T12:14:46","slug":"combien-coute-une-seance-darret-du-tabac","status":"publish","type":"page","link":"https:\/\/www.fred-simon-hypnose.com\/index.php\/combien-coute-une-seance-darret-du-tabac\/","title":{"rendered":"Prix d&rsquo;une s\u00e9ance d&rsquo;hypnose pour arr\u00eater de fumer &#8211; Fred SIMON Br\u00e9cey"},"content":{"rendered":"\n<figure class=\"wp-block-image size-full\"><img loading=\"lazy\" decoding=\"async\" width=\"596\" height=\"186\" src=\"https:\/\/www.fred-simon-hypnose.com\/wp-content\/uploads\/2025\/05\/arrettabachypnosenormandie-1.jpg\" alt=\"Programme Arr\u00eat du tabac par l'hypnose\" class=\"wp-image-187\" srcset=\"https:\/\/www.fred-simon-hypnose.com\/wp-content\/uploads\/2025\/05\/arrettabachypnosenormandie-1.jpg 596w, https:\/\/www.fred-simon-hypnose.com\/wp-content\/uploads\/2025\/05\/arrettabachypnosenormandie-1-300x94.jpg 300w\" sizes=\"auto, (max-width: 596px) 100vw, 596px\" \/><figcaption class=\"wp-element-caption\">Arr\u00eat du tabac avec l&rsquo;hypnose<\/figcaption><\/figure>\n\n\n\n<h1 class=\"wp-block-heading\">Combien co\u00fbte le programme d&rsquo;arr\u00eat du tabac par l&rsquo;hypnose ?<\/h1>\n\n\n\n<p>Le programme complet pour arr\u00eater de fumer avec l&rsquo;hypnose est au prix de 240 \u20ac.<\/p>\n\n\n\n<p>Un investissement unique &#8211; et rapidement rentabilis\u00e9.<\/p>\n\n\n\n<h2 class=\"wp-block-heading\">Ce que comprend le programme \u00ab\u00a0Arr\u00eat du tabac\u00a0\u00bb \u00e0 240 \u20ac<\/h2>\n\n\n\n<ul class=\"wp-block-list\">\n<li>2 s\u00e9ances d&rsquo;hypnose th\u00e9rapeutique profondes (cabinet ou visio)<\/li>\n\n\n\n<li>Guide pr\u00e9paratoire + vid\u00e9o explicative<\/li>\n\n\n\n<li>Livret d&rsquo;accompagnement + audio MP3 personnalis\u00e9<\/li>\n\n\n\n<li>Technique de relaxation express \u00ab\u00a0anti-envie\u00a0\u00bb<\/li>\n\n\n\n<li>Suivi personnalis\u00e9 par e-mail pendant 3 mois<\/li>\n\n\n\n<li>S\u00e9ance de renforcement offerte si n\u00e9cessaire<\/li>\n<\/ul>\n\n\n\n<h2 class=\"wp-block-heading\">240 \u20ac vs 4 000 \u20ac : le calcul est vite fait<\/h2>\n\n\n\n<p>Un fumeur d&rsquo;un paquet par jour d\u00e9pense en moyenne 4 000 \u20ac par an en cigarettes. Le programme revient \u00e0 moins d&rsquo;un mois de consommation. D\u00e8s le premier mois sans tabac, vous \u00eates b\u00e9n\u00e9ficiaire &#8211; et pour toujours !<\/p>\n\n\n\n<p class=\"is-style-text-subtitle is-style-text-subtitle--1\"><strong>Vous ne payez pas pour arr\u00eater de fumer. Vous investissez pour r\u00e9cup\u00e9rer votre sant\u00e9, votre libert\u00e9 et votre argent.<\/strong><\/p>\n\n\n\n<h2 class=\"wp-block-heading\">Pr\u00eat \u00e0 prendre rendez-vous ?<\/h2>\n\n\n\n<p>S\u00e9ance au cabinet \u00e0 Br\u00e9cey ou en t\u00e9l\u00e9consultation. Prise de rendez-vous en ligne, simple et rapide.<\/p>\n\n\n\n<p class=\"has-text-align-center\"><\/p>\n","protected":false},"excerpt":{"rendered":"<p>Combien co\u00fbte le programme d&rsquo;arr\u00eat du tabac par l&rsquo;hypnose ? Le programme complet pour arr\u00eater de fumer avec l&rsquo;hypnose est au prix de 240 \u20ac. Un investissement unique &#8211; et rapidement rentabilis\u00e9. Ce que comprend le programme \u00ab\u00a0Arr\u00eat du tabac\u00a0\u00bb \u00e0 240 \u20ac 240 \u20ac vs 4 000 \u20ac : le calcul est vite fait [&hellip;]<\/p>\n","protected":false},"author":1,"featured_media":0,"parent":0,"menu_order":0,"comment_status":"closed","ping_status":"closed","template":"page-no-title","meta":{"footnotes":""},"class_list":["post-112","page","type-page","status-publish","hentry"],"_links":{"self":[{"href":"https:\/\/www.fred-simon-hypnose.com\/index.php\/wp-json\/wp\/v2\/pages\/112","targetHints":{"allow":["GET"]}}],"collection":[{"href":"https:\/\/www.fred-simon-hypnose.com\/index.php\/wp-json\/wp\/v2\/pages"}],"about":[{"href":"https:\/\/www.fred-simon-hypnose.com\/index.php\/wp-json\/wp\/v2\/types\/page"}],"author":[{"embeddable":true,"href":"https:\/\/www.fred-simon-hypnose.com\/index.php\/wp-json\/wp\/v2\/users\/1"}],"replies":[{"embeddable":true,"href":"https:\/\/www.fred-simon-hypnose.com\/index.php\/wp-json\/wp\/v2\/comments?post=112"}],"version-history":[{"count":15,"href":"https:\/\/www.fred-simon-hypnose.com\/index.php\/wp-json\/wp\/v2\/pages\/112\/revisions"}],"predecessor-version":[{"id":415,"href":"https:\/\/www.fred-simon-hypnose.com\/index.php\/wp-json\/wp\/v2\/pages\/112\/revisions\/415"}],"wp:attachment":[{"href":"https:\/\/www.fred-simon-hypnose.com\/index.php\/wp-json\/wp\/v2\/media?parent=112"}],"curies":[{"name":"wp","href":"https:\/\/api.w.org\/{rel}","templated":true}]}}