{"id":137,"date":"2025-05-29T18:15:11","date_gmt":"2025-05-29T16:15:11","guid":{"rendered":"http:\/\/lhcqkfc.cluster021.hosting.ovh.net\/?page_id=137"},"modified":"2026-03-14T13:18:29","modified_gmt":"2026-03-14T12:18:29","slug":"contact","status":"publish","type":"page","link":"https:\/\/www.fred-simon-hypnose.com\/index.php\/contact\/","title":{"rendered":"Contactez Fred SIMON \u2013 Hypnoth\u00e9rapeute \u00e0 Br\u00e9cey et en t\u00e9l\u00e9consultation"},"content":{"rendered":"\n<figure class=\"wp-block-image size-full\"><img loading=\"lazy\" decoding=\"async\" width=\"596\" height=\"186\" src=\"https:\/\/www.fred-simon-hypnose.com\/wp-content\/uploads\/2025\/05\/arrettabachypnosenormandie-1.jpg\" alt=\"Programme Arr\u00eat du tabac par l'hypnose\" class=\"wp-image-187\" srcset=\"https:\/\/www.fred-simon-hypnose.com\/wp-content\/uploads\/2025\/05\/arrettabachypnosenormandie-1.jpg 596w, https:\/\/www.fred-simon-hypnose.com\/wp-content\/uploads\/2025\/05\/arrettabachypnosenormandie-1-300x94.jpg 300w\" sizes=\"auto, (max-width: 596px) 100vw, 596px\" \/><figcaption class=\"wp-element-caption\">Arr\u00eat du tabac avec l&rsquo;hypnose<\/figcaption><\/figure>\n\n\n\n<h1 class=\"wp-block-heading\">Prendre rendez-vous \/ Contact<\/h1>\n\n\n\n<div class=\"wp-block-group is-nowrap is-layout-flex wp-container-core-group-is-layout-6c531013 wp-block-group-is-layout-flex\">\n<p>Pour vos <strong>s\u00e9ances d&rsquo;arr\u00eat du tabac par l&rsquo;hypnose<\/strong> au cabinet (\u00e0 20 mn d&rsquo;Avranches et \u00e0 45 mn de Granville) rendez-vous \u00e0 l&rsquo;adresse suivante : <br>1 le Coudray &#8211; 50370 Le Grand-Celland<\/p>\n<\/div>\n\n\n\n<div class=\"wp-block-group is-nowrap is-layout-flex wp-container-core-group-is-layout-6c531013 wp-block-group-is-layout-flex\">\n<p>T\u00e9l. : 07 83 12 23 16<\/p>\n<\/div>\n\n\n\n<div class=\"wp-block-group has-global-padding is-layout-constrained wp-block-group-is-layout-constrained\">\n<iframe src=\"https:\/\/www.google.com\/maps\/embed?pb=!1m18!1m12!1m3!1d2633.08593067791!2d-1.1640671!3d48.703838499999996!2m3!1f0!2f0!3f0!3m2!1i1024!2i768!4f13.1!3m3!1m2!1s0x4794db06b4e219bf%3A0x2785b8705d4958af!2sFred%20SIMON%20Hypnose!5e0!3m2!1sfr!2sfr!4v1748535339193!5m2!1sfr!2sfr\" width=\"600\" height=\"450\" style=\"border:0;\" allowfullscreen=\"\" loading=\"lazy\" referrerpolicy=\"no-referrer-when-downgrade\"><\/iframe>\n<\/div>\n\n\n\n<blockquote class=\"wp-block-quote is-layout-flow wp-block-quote-is-layout-flow\">\n<p>Vous allez investir pour votre sant\u00e9, mais <strong><a href=\"https:\/\/www.fred-simon-hypnose.com\/index.php\/combien-coute-une-seance-darret-du-tabac\/\">vous allez surtout tirer de nombreux b\u00e9n\u00e9fices<\/a><\/strong> de votre d\u00e9cision d&rsquo;en finir avec la cigarette !<\/p>\n<\/blockquote>\n\n\n\n<h2 class=\"wp-block-heading\">Vous souhaitez me contacter ?<\/h2>\n\n\n<style id=\"wpforms-css-vars-148-block-ed6c3b25-6cbc-480a-afc0-080865da392c\">\n\t\t\t\t#wpforms-148.wpforms-block-ed6c3b25-6cbc-480a-afc0-080865da392c {\n\t\t\t\t--wpforms-field-size-input-height: 43px;\n--wpforms-field-size-input-spacing: 15px;\n--wpforms-field-size-font-size: 16px;\n--wpforms-field-size-line-height: 19px;\n--wpforms-field-size-padding-h: 14px;\n--wpforms-field-size-checkbox-size: 16px;\n--wpforms-field-size-sublabel-spacing: 5px;\n--wpforms-field-size-icon-size: 1;\n--wpforms-label-size-font-size: 16px;\n--wpforms-label-size-line-height: 19px;\n--wpforms-label-size-sublabel-font-size: 14px;\n--wpforms-label-size-sublabel-line-height: 17px;\n--wpforms-button-size-font-size: 17px;\n--wpforms-button-size-height: 41px;\n--wpforms-button-size-padding-h: 15px;\n--wpforms-button-size-margin-top: 10px;\n\n\t\t\t}\n\t\t\t<\/style><div class=\"wpforms-container wpforms-container-full wpforms-block wpforms-block-ed6c3b25-6cbc-480a-afc0-080865da392c wpforms-render-modern\" id=\"wpforms-148\"><form id=\"wpforms-form-148\" class=\"wpforms-validate wpforms-form wpforms-ajax-form\" data-formid=\"148\" method=\"post\" enctype=\"multipart\/form-data\" action=\"\/index.php\/wp-json\/wp\/v2\/pages\/137\" data-token=\"ad65e64df90f9b1b26334de94da6767d\" data-token-time=\"1776029684\"><noscript class=\"wpforms-error-noscript\">Veuillez activer JavaScript dans votre navigateur pour remplir ce formulaire.<\/noscript><div id=\"wpforms-error-noscript\" style=\"display: none;\">Veuillez activer JavaScript dans votre navigateur pour remplir ce formulaire.<\/div><div class=\"wpforms-field-container\">\t\t<div id=\"wpforms-148-field_4-container\"\n\t\t\tclass=\"wpforms-field wpforms-field-text\"\n\t\t\tdata-field-type=\"text\"\n\t\t\tdata-field-id=\"4\"\n\t\t\t>\n\t\t\t<label class=\"wpforms-field-label\" for=\"wpforms-148-field_4\" >message E-mail ou<\/label>\n\t\t\t<input type=\"text\" id=\"wpforms-148-field_4\" class=\"wpforms-field-medium\" name=\"wpforms[fields][4]\" >\n\t\t<\/div>\n\t\t<div id=\"wpforms-148-field_1-container\" class=\"wpforms-field wpforms-field-name\" data-field-id=\"1\"><fieldset><legend class=\"wpforms-field-label\">Nom <span class=\"wpforms-required-label\" aria-hidden=\"true\">*<\/span><\/legend><div class=\"wpforms-field-row wpforms-field-medium\"><div class=\"wpforms-field-row-block wpforms-first wpforms-one-half\"><input type=\"text\" id=\"wpforms-148-field_1\" class=\"wpforms-field-name-first wpforms-field-required\" name=\"wpforms[fields][1][first]\" aria-errormessage=\"wpforms-148-field_1-error\" required><label for=\"wpforms-148-field_1\" class=\"wpforms-field-sublabel after\">Pr\u00e9nom<\/label><\/div><div class=\"wpforms-field-row-block wpforms-one-half\"><input type=\"text\" id=\"wpforms-148-field_1-last\" class=\"wpforms-field-name-last wpforms-field-required\" name=\"wpforms[fields][1][last]\" aria-errormessage=\"wpforms-148-field_1-last-error\" required><label for=\"wpforms-148-field_1-last\" class=\"wpforms-field-sublabel after\">Nom<\/label><\/div><\/div><\/fieldset><\/div><div id=\"wpforms-148-field_2-container\" class=\"wpforms-field wpforms-field-email\" data-field-id=\"2\"><label class=\"wpforms-field-label\" for=\"wpforms-148-field_2\">E-mail <span class=\"wpforms-required-label\" aria-hidden=\"true\">*<\/span><\/label><input type=\"email\" id=\"wpforms-148-field_2\" class=\"wpforms-field-medium wpforms-field-required\" name=\"wpforms[fields][2]\" spellcheck=\"false\" aria-errormessage=\"wpforms-148-field_2-error\" required><\/div><div id=\"wpforms-148-field_3-container\" class=\"wpforms-field wpforms-field-textarea\" data-field-id=\"3\"><label class=\"wpforms-field-label\" for=\"wpforms-148-field_3\">Commentaire ou message<\/label><textarea id=\"wpforms-148-field_3\" class=\"wpforms-field-medium\" name=\"wpforms[fields][3]\" aria-errormessage=\"wpforms-148-field_3-error\" ><\/textarea><\/div><script>\n\t\t\t\t( function() {\n\t\t\t\t\tconst style = document.createElement( 'style' );\n\t\t\t\t\tstyle.appendChild( document.createTextNode( '#wpforms-148-field_4-container { position: absolute !important; overflow: hidden !important; display: inline !important; height: 1px !important; width: 1px !important; z-index: -1000 !important; padding: 0 !important; } #wpforms-148-field_4-container input { visibility: hidden; } #wpforms-conversational-form-page #wpforms-148-field_4-container label { counter-increment: none; }' ) );\n\t\t\t\t\tdocument.head.appendChild( style );\n\t\t\t\t\tdocument.currentScript?.remove();\n\t\t\t\t} )();\n\t\t\t<\/script><\/div><!-- .wpforms-field-container --><div class=\"wpforms-submit-container\" ><input type=\"hidden\" name=\"wpforms[id]\" value=\"148\"><input type=\"hidden\" name=\"page_title\" value=\"\"><input type=\"hidden\" name=\"page_url\" value=\"https:\/\/www.fred-simon-hypnose.com\/index.php\/wp-json\/wp\/v2\/pages\/137\"><input type=\"hidden\" name=\"url_referer\" value=\"\"><button type=\"submit\" name=\"wpforms[submit]\" id=\"wpforms-submit-148\" class=\"wpforms-submit\" data-alt-text=\"Envoi...\" data-submit-text=\"Envoyer\" aria-live=\"assertive\" value=\"wpforms-submit\">Envoyer<\/button><img loading=\"lazy\" decoding=\"async\" src=\"https:\/\/www.fred-simon-hypnose.com\/wp-content\/plugins\/wpforms-lite\/assets\/images\/submit-spin.svg\" class=\"wpforms-submit-spinner\" style=\"display: none;\" width=\"26\" height=\"26\" alt=\"Chargement en cours\"><\/div><\/form><\/div>  <!-- .wpforms-container -->","protected":false},"excerpt":{"rendered":"<p>Prendre rendez-vous \/ Contact Pour vos s\u00e9ances d&rsquo;arr\u00eat du tabac par l&rsquo;hypnose au cabinet (\u00e0 20 mn d&rsquo;Avranches et \u00e0 45 mn de Granville) rendez-vous \u00e0 l&rsquo;adresse suivante : 1 le Coudray &#8211; 50370 Le Grand-Celland T\u00e9l. : 07 83 12 23 16 Vous allez investir pour votre sant\u00e9, mais vous allez surtout tirer de [&hellip;]<\/p>\n","protected":false},"author":1,"featured_media":0,"parent":0,"menu_order":0,"comment_status":"closed","ping_status":"closed","template":"page-no-title","meta":{"footnotes":""},"class_list":["post-137","page","type-page","status-publish","hentry"],"_links":{"self":[{"href":"https:\/\/www.fred-simon-hypnose.com\/index.php\/wp-json\/wp\/v2\/pages\/137","targetHints":{"allow":["GET"]}}],"collection":[{"href":"https:\/\/www.fred-simon-hypnose.com\/index.php\/wp-json\/wp\/v2\/pages"}],"about":[{"href":"https:\/\/www.fred-simon-hypnose.com\/index.php\/wp-json\/wp\/v2\/types\/page"}],"author":[{"embeddable":true,"href":"https:\/\/www.fred-simon-hypnose.com\/index.php\/wp-json\/wp\/v2\/users\/1"}],"replies":[{"embeddable":true,"href":"https:\/\/www.fred-simon-hypnose.com\/index.php\/wp-json\/wp\/v2\/comments?post=137"}],"version-history":[{"count":26,"href":"https:\/\/www.fred-simon-hypnose.com\/index.php\/wp-json\/wp\/v2\/pages\/137\/revisions"}],"predecessor-version":[{"id":422,"href":"https:\/\/www.fred-simon-hypnose.com\/index.php\/wp-json\/wp\/v2\/pages\/137\/revisions\/422"}],"wp:attachment":[{"href":"https:\/\/www.fred-simon-hypnose.com\/index.php\/wp-json\/wp\/v2\/media?parent=137"}],"curies":[{"name":"wp","href":"https:\/\/api.w.org\/{rel}","templated":true}]}}