{"id":223,"date":"2025-06-03T18:44:39","date_gmt":"2025-06-03T16:44:39","guid":{"rendered":"https:\/\/www.fred-simon-hypnose.com\/?page_id=223"},"modified":"2026-03-14T13:18:06","modified_gmt":"2026-03-14T12:18:06","slug":"hypnose-a-brecey-cabinet-fred-simon","status":"publish","type":"page","link":"https:\/\/www.fred-simon-hypnose.com\/index.php\/hypnose-a-brecey-cabinet-fred-simon\/","title":{"rendered":"Cabinet d&rsquo;hypnose \u00e0 Br\u00e9cey (Manche) &#8211; Fred SIMON Hypnoth\u00e9rapeute"},"content":{"rendered":"\n<figure class=\"wp-block-image size-full\"><img loading=\"lazy\" decoding=\"async\" width=\"596\" height=\"186\" src=\"https:\/\/www.fred-simon-hypnose.com\/wp-content\/uploads\/2025\/05\/arrettabachypnosenormandie-1.jpg\" alt=\"Programme Arr\u00eat du tabac par l'hypnose\" class=\"wp-image-187\" srcset=\"https:\/\/www.fred-simon-hypnose.com\/wp-content\/uploads\/2025\/05\/arrettabachypnosenormandie-1.jpg 596w, https:\/\/www.fred-simon-hypnose.com\/wp-content\/uploads\/2025\/05\/arrettabachypnosenormandie-1-300x94.jpg 300w\" sizes=\"auto, (max-width: 596px) 100vw, 596px\" \/><figcaption class=\"wp-element-caption\">Arr\u00eat du tabac avec l&rsquo;hypnose<\/figcaption><\/figure>\n\n\n\n<h1 class=\"wp-block-heading\">Cabinet d&rsquo;hypnose \u00e0 Br\u00e9cey (50370) &#8211; Fred SIMON<\/h1>\n\n\n\n<p>Vous cherchez un hypnoth\u00e9rapeute en Manche ? Le cabinet Fred SIMON est situ\u00e9 \u00e0 Br\u00e9cey (50370), facilement accessible depuis toute la r\u00e9gion.<\/p>\n\n\n\n<p>Parking gratuit, environnement calme et confidentiel.<\/p>\n\n\n\n<h2 class=\"wp-block-heading\">O\u00f9 se trouve le cabinet d&rsquo;hypnose ?<\/h2>\n\n\n\n<p>Br\u00e9cey est id\u00e9alement situ\u00e9 entre Avranches et Vire, \u00e0 quelques minutes de Sourdeval, Isigny-le-Buat, Mortain-Bocage, Villedieu-les-Po\u00eales et Saint-Hilaire-du-Harcou\u00ebt. Acc\u00e8s facile par la D911 et la D999.<\/p>\n\n\n\n<figure class=\"wp-block-image size-full\"><img loading=\"lazy\" decoding=\"async\" width=\"596\" height=\"456\" src=\"https:\/\/www.fred-simon-hypnose.com\/wp-content\/uploads\/2025\/06\/brecey.jpg\" alt=\"Hypnose arr\u00eat du tabac Br\u00e9cey Avranches Granville &amp; t\u00e9l\u00e9consultation\" class=\"wp-image-243\" srcset=\"https:\/\/www.fred-simon-hypnose.com\/wp-content\/uploads\/2025\/06\/brecey.jpg 596w, https:\/\/www.fred-simon-hypnose.com\/wp-content\/uploads\/2025\/06\/brecey-300x230.jpg 300w\" sizes=\"auto, (max-width: 596px) 100vw, 596px\" \/><\/figure>\n\n\n\n<h2 class=\"wp-block-heading\">Qui consulte \u00e0 Br\u00e9cey ?<\/h2>\n\n\n\n<p>Des patients venant d&rsquo;Avranches, Granville, Saint-L\u00f4, Flers, Caen, Vire, et de tout le sud-Manche. Pour ceux qui sont plus \u00e9loign\u00e9s, la t\u00e9l\u00e9consultation offre la m\u00eame efficacit\u00e9 depuis votre domicile.<\/p>\n\n\n\n<h2 class=\"wp-block-heading\">Un praticien en hypnose exp\u00e9riment\u00e9, une approche sur mesure<\/h2>\n\n\n\n<p>Fred SIMON pratique l&rsquo;hypnose th\u00e9rapeutique depuis plus de 20 ans. Sp\u00e9cialiste du sevrage tabagique, il est membre certifi\u00e9 du r\u00e9seau Arr\u00eat Tabac Hypnose. Chaque s\u00e9ance est enti\u00e8rement personnalis\u00e9e.<\/p>\n\n\n\n<h2 class=\"wp-block-heading\">Horaires du cabinet<\/h2>\n\n\n\n<ul class=\"wp-block-list\">\n<li>Lundi : 14h \u2013 18h<\/li>\n\n\n\n<li>Mardi au jeudi : 9h \u2013 18h<\/li>\n\n\n\n<li>Vendredi : 9h \u2013 16h<\/li>\n<\/ul>\n\n\n\n<p>Prise de rendez-vous en ligne 24h\/24. S\u00e9ances en visio disponibles en dehors des horaires de cabinet.<\/p>\n\n\n\n<p><\/p>\n","protected":false},"excerpt":{"rendered":"<p>Cabinet d&rsquo;hypnose \u00e0 Br\u00e9cey (50370) &#8211; Fred SIMON Vous cherchez un hypnoth\u00e9rapeute en Manche ? Le cabinet Fred SIMON est situ\u00e9 \u00e0 Br\u00e9cey (50370), facilement accessible depuis toute la r\u00e9gion. Parking gratuit, environnement calme et confidentiel. O\u00f9 se trouve le cabinet d&rsquo;hypnose ? Br\u00e9cey est id\u00e9alement situ\u00e9 entre Avranches et Vire, \u00e0 quelques minutes de [&hellip;]<\/p>\n","protected":false},"author":1,"featured_media":0,"parent":0,"menu_order":0,"comment_status":"closed","ping_status":"closed","template":"page-no-title","meta":{"footnotes":""},"class_list":["post-223","page","type-page","status-publish","hentry"],"_links":{"self":[{"href":"https:\/\/www.fred-simon-hypnose.com\/index.php\/wp-json\/wp\/v2\/pages\/223","targetHints":{"allow":["GET"]}}],"collection":[{"href":"https:\/\/www.fred-simon-hypnose.com\/index.php\/wp-json\/wp\/v2\/pages"}],"about":[{"href":"https:\/\/www.fred-simon-hypnose.com\/index.php\/wp-json\/wp\/v2\/types\/page"}],"author":[{"embeddable":true,"href":"https:\/\/www.fred-simon-hypnose.com\/index.php\/wp-json\/wp\/v2\/users\/1"}],"replies":[{"embeddable":true,"href":"https:\/\/www.fred-simon-hypnose.com\/index.php\/wp-json\/wp\/v2\/comments?post=223"}],"version-history":[{"count":11,"href":"https:\/\/www.fred-simon-hypnose.com\/index.php\/wp-json\/wp\/v2\/pages\/223\/revisions"}],"predecessor-version":[{"id":421,"href":"https:\/\/www.fred-simon-hypnose.com\/index.php\/wp-json\/wp\/v2\/pages\/223\/revisions\/421"}],"wp:attachment":[{"href":"https:\/\/www.fred-simon-hypnose.com\/index.php\/wp-json\/wp\/v2\/media?parent=223"}],"curies":[{"name":"wp","href":"https:\/\/api.w.org\/{rel}","templated":true}]}}