{"id":252,"date":"2025-06-03T20:07:28","date_gmt":"2025-06-03T18:07:28","guid":{"rendered":"https:\/\/www.fred-simon-hypnose.com\/?page_id=252"},"modified":"2026-03-14T13:13:05","modified_gmt":"2026-03-14T12:13:05","slug":"le-blog-de-fred-simon-hypnotiseur","status":"publish","type":"page","link":"https:\/\/www.fred-simon-hypnose.com\/index.php\/le-blog-de-fred-simon-hypnotiseur\/","title":{"rendered":"Le Blog de Fred SIMON \u2013 Hypnotiseur \u00e0 Br\u00e9cey et \u00e0 distance"},"content":{"rendered":"\n<figure class=\"wp-block-image size-full\"><img loading=\"lazy\" decoding=\"async\" width=\"596\" height=\"186\" src=\"https:\/\/www.fred-simon-hypnose.com\/wp-content\/uploads\/2025\/05\/arrettabachypnosenormandie-1.jpg\" alt=\"Programme Arr\u00eat du tabac par l'hypnose\" class=\"wp-image-187\" srcset=\"https:\/\/www.fred-simon-hypnose.com\/wp-content\/uploads\/2025\/05\/arrettabachypnosenormandie-1.jpg 596w, https:\/\/www.fred-simon-hypnose.com\/wp-content\/uploads\/2025\/05\/arrettabachypnosenormandie-1-300x94.jpg 300w\" sizes=\"auto, (max-width: 596px) 100vw, 596px\" \/><figcaption class=\"wp-element-caption\">Arr\u00eat du tabac avec l&rsquo;hypnose<\/figcaption><\/figure>\n\n\n<ul class=\"wp-block-latest-posts__list wp-block-latest-posts\"><li><a class=\"wp-block-latest-posts__post-title\" href=\"https:\/\/www.fred-simon-hypnose.com\/index.php\/2025\/07\/24\/teleconsultation-hypnose-aussi-efficace-quen-cabinet\/\">Hypnose en t\u00e9l\u00e9consultation : aussi efficace qu&rsquo;en cabinet ?<\/a><\/li>\n<li><a class=\"wp-block-latest-posts__post-title\" href=\"https:\/\/www.fred-simon-hypnose.com\/index.php\/2025\/06\/03\/hypnose-pour-arreter-de-fumer-a-brecey-et-en-ligne-methode-efficace\/\">Hypnose pour arr\u00eater de fumer \u00e0 Br\u00e9cey et en ligne \u2013 M\u00e9thode efficace<\/a><\/li>\n<\/ul>","protected":false},"excerpt":{"rendered":"","protected":false},"author":1,"featured_media":0,"parent":0,"menu_order":0,"comment_status":"closed","ping_status":"closed","template":"page-no-title","meta":{"footnotes":""},"class_list":["post-252","page","type-page","status-publish","hentry"],"_links":{"self":[{"href":"https:\/\/www.fred-simon-hypnose.com\/index.php\/wp-json\/wp\/v2\/pages\/252","targetHints":{"allow":["GET"]}}],"collection":[{"href":"https:\/\/www.fred-simon-hypnose.com\/index.php\/wp-json\/wp\/v2\/pages"}],"about":[{"href":"https:\/\/www.fred-simon-hypnose.com\/index.php\/wp-json\/wp\/v2\/types\/page"}],"author":[{"embeddable":true,"href":"https:\/\/www.fred-simon-hypnose.com\/index.php\/wp-json\/wp\/v2\/users\/1"}],"replies":[{"embeddable":true,"href":"https:\/\/www.fred-simon-hypnose.com\/index.php\/wp-json\/wp\/v2\/comments?post=252"}],"version-history":[{"count":5,"href":"https:\/\/www.fred-simon-hypnose.com\/index.php\/wp-json\/wp\/v2\/pages\/252\/revisions"}],"predecessor-version":[{"id":413,"href":"https:\/\/www.fred-simon-hypnose.com\/index.php\/wp-json\/wp\/v2\/pages\/252\/revisions\/413"}],"wp:attachment":[{"href":"https:\/\/www.fred-simon-hypnose.com\/index.php\/wp-json\/wp\/v2\/media?parent=252"}],"curies":[{"name":"wp","href":"https:\/\/api.w.org\/{rel}","templated":true}]}}